{"id":8592,"date":"2022-09-06T07:59:06","date_gmt":"2022-09-06T05:59:06","guid":{"rendered":"https:\/\/vinno.es\/politica-de-cookies\/"},"modified":"2023-04-18T14:55:00","modified_gmt":"2023-04-18T12:55:00","slug":"politica-de-cookies","status":"publish","type":"page","link":"https:\/\/vinno.es\/pt-pt\/politica-de-cookies\/","title":{"rendered":"Pol\u00edtica de cookies"},"content":{"rendered":"<ol>\n<li>VINNO Ultrasound S.L.U. (doravante, &#8220;VINNO SPAIN&#8221;), \u00e9 uma sociedade comercial, com N.I.F. B63893200, com sede em Calle Llobregat 8, Nave 4, 08750 Molins de Rei, Barcelona (Espanha).<\/li>\n<li>A VINNO SPAIN \u00e9 a propriet\u00e1ria do site correspondente ao nome de dom\u00ednio vinno.es (doravante, o &#8220;Site&#8221;).<\/li>\n<li>VINNO SPAIN usa cookies para coletar informa\u00e7\u00f5es sobre a navega\u00e7\u00e3o no site. Os cookies s\u00e3o mecanismos de armazenamento e recupera\u00e7\u00e3o de dados que se instalam nos computadores dos Utilizadores para permitir as finalidades expressas nesta pol\u00edtica e oferecer-lhes uma melhor experi\u00eancia de navega\u00e7\u00e3o.<\/li>\n<li>A navega\u00e7\u00e3o no Site pressup\u00f5e que o Utilizador consente a instala\u00e7\u00e3o de cookies nos seus computadores ou dispositivos para as finalidades aqui expressas. Se optar por n\u00e3o aceitar a utiliza\u00e7\u00e3o de cookies, isso pode significar que a utiliza\u00e7\u00e3o do Site \u00e9 afetada, ou que determinadas funcionalidades deixam de estar operacionais, ou mesmo que n\u00e3o \u00e9 poss\u00edvel navegar pelo Site.<\/li>\n<\/ol>\n<p>&nbsp;<\/p>\n<p><em>Tipos e finalidade dos cookies utilizados:<\/em><\/p>\n<ol>\n<li><em>Cookies t\u00e9cnicos:<\/em> s\u00e3o aqueles que permitem a navega\u00e7\u00e3o por este Site e o uso das diferentes op\u00e7\u00f5es ou servi\u00e7os que ele oferece, como controlar o tr\u00e1fego e a comunica\u00e7\u00e3o de dados, identificar a sess\u00e3o, acessar partes de acesso restrito, lembrar os elementos que comp\u00f5em um pedido, realizar o processo de compra de um pedido, solicitar inscri\u00e7\u00e3o ou participa\u00e7\u00e3o em um evento, usar elementos de seguran\u00e7a durante a navega\u00e7\u00e3o, armazenar conte\u00fado para transmiss\u00e3o de v\u00eddeo ou som ou compartilhar conte\u00fado por meio de redes sociais.<\/li>\n<li><em>Cookies de Personaliza\u00e7\u00e3o:<\/em> s\u00e3o aqueles que permitem o acesso ao Site com algumas caracter\u00edsticas gerais predefinidas com base em uma s\u00e9rie de crit\u00e9rios no terminal do Usu\u00e1rio, como o idioma, o tipo de navegador atrav\u00e9s do qual voc\u00ea acessa o Site Web, a configura\u00e7\u00e3o regional de onde voc\u00ea acessar o site, etc.<\/li>\n<li><em>Cookies de an\u00e1lise:<\/em> s\u00e3o aqueles utilizados pela VINNO SPAIN ou de propriedade de terceiros e que permitem ao seu respons\u00e1vel monitorar e analisar o comportamento dos Usu\u00e1rios do Site. A informa\u00e7\u00e3o recolhida atrav\u00e9s deste tipo de cookies \u00e9 utilizada para medir a atividade de sites, aplica\u00e7\u00f5es ou plataformas e para criar perfis de navega\u00e7\u00e3o dos utilizadores dos referidos sites, aplica\u00e7\u00f5es e plataformas, com o objetivo de introduzir melhorias em fun\u00e7\u00e3o da an\u00e1lise dos dados de utiliza\u00e7\u00e3o efetuados pelos usu\u00e1rios do Site.<\/li>\n<li><em>Cookies de Publicidade:<\/em> s\u00e3o aqueles que permitem a gest\u00e3o eficiente dos espa\u00e7os publicit\u00e1rios que foram inclu\u00eddos no Site, incluindo a obten\u00e7\u00e3o de perfis de navega\u00e7\u00e3o que permitem obter informa\u00e7\u00e3o sobre o comportamento dos Utilizadores, permitindo adaptar o conte\u00fado da publicidade para que \u00e9 relevante para eles.<\/li>\n<\/ol>\n<p>&nbsp;<\/p>\n<p><em>Configura\u00e7\u00f5es de cookies:<\/em><\/p>\n<p>Durante a navega\u00e7\u00e3o no Site, o Utilizador tem a possibilidade de permitir, bloquear ou eliminar os cookies instalados no seu equipamento, configurando as op\u00e7\u00f5es do navegador utilizado. As instru\u00e7\u00f5es para configurar a utiliza\u00e7\u00e3o de cookies no navegador podem ser consultadas atrav\u00e9s dos seguintes links:<\/p>\n<p>Chrome:\u00a0 <a href=\"https:\/\/support.google.com\/chrome\/answer\/95647?hl=es\">https:\/\/support.google.com\/chrome\/answer\/95647?hl=es<\/a><\/p>\n<p>Safari:\u00a0\u00a0\u00a0 <a href=\"https:\/\/support.apple.com\/kb\/ph21411?locale=es_ES\">https:\/\/support.apple.com\/kb\/ph21411?locale=es_ES<\/a><\/p>\n<p>Firefox:\u00a0\u00a0 <a href=\"https:\/\/support.mozilla.org\/es\/kb\/Borrar%20cookies\">https:\/\/support.mozilla.org\/es\/kb\/Borrar%20cookies<\/a><\/p>\n<p>Internet Explorer: <a href=\"http:\/\/windows.microsoft.com\/es-es\/internet-explorer\/delete-manage-cookies#ie=ie-11\">http:\/\/windows.microsoft.com\/es-es\/internet-explorer\/delete-manage-cookies#ie=ie-11<\/a><\/p>\n<p>No caso de utilizar outro navegador, o Utilizador pode obter informa\u00e7\u00e3o sobre como configurar a utiliza\u00e7\u00e3o de cookies no seu equipamento atrav\u00e9s da ajuda do referido navegador. Se precisar de ajuda para configurar os cookies no referido navegador, os usu\u00e1rios podem enviar um e-mail para support@alma3d.com, para que a VINNO SPAIN entre em contato o mais r\u00e1pido poss\u00edvel.<\/p>\n","protected":false},"excerpt":{"rendered":"<p>VINNO Ultrasound S.L.U. (doravante, &#8220;VINNO SPAIN&#8221;), \u00e9 uma sociedade comercial, com N.I.F. B63893200, com sede em Calle Llobregat 8, Nave 4, 08750 Molins de Rei, Barcelona (Espanha). A VINNO SPAIN \u00e9 a propriet\u00e1ria do site correspondente ao nome de dom\u00ednio vinno.es (doravante, o &#8220;Site&#8221;). VINNO SPAIN usa cookies para coletar informa\u00e7\u00f5es sobre a navega\u00e7\u00e3o no [&hellip;]<\/p>\n","protected":false},"author":1,"featured_media":0,"parent":0,"menu_order":0,"comment_status":"closed","ping_status":"closed","template":"","meta":{"inline_featured_image":false,"_joinchat":[],"footnotes":""},"class_list":["post-8592","page","type-page","status-publish","hentry"],"acf":[],"yoast_head":"<!-- This site is optimized with the Yoast SEO plugin v27.6 - https:\/\/yoast.com\/product\/yoast-seo-wordpress\/ -->\n<title>Pol\u00edtica de cookies - VINNO Spain<\/title>\n<meta name=\"robots\" content=\"noindex, follow\" \/>\n<meta property=\"og:locale\" content=\"pt_PT\" \/>\n<meta property=\"og:type\" content=\"article\" \/>\n<meta property=\"og:title\" content=\"Pol\u00edtica de cookies - VINNO Spain\" \/>\n<meta property=\"og:description\" content=\"VINNO Ultrasound S.L.U. (doravante, &#8220;VINNO SPAIN&#8221;), \u00e9 uma sociedade comercial, com N.I.F. B63893200, com sede em Calle Llobregat 8, Nave 4, 08750 Molins de Rei, Barcelona (Espanha). A VINNO SPAIN \u00e9 a propriet\u00e1ria do site correspondente ao nome de dom\u00ednio vinno.es (doravante, o &#8220;Site&#8221;). VINNO SPAIN usa cookies para coletar informa\u00e7\u00f5es sobre a navega\u00e7\u00e3o no [&hellip;]\" \/>\n<meta property=\"og:url\" content=\"https:\/\/vinno.es\/pt-pt\/politica-de-cookies\/\" \/>\n<meta property=\"og:site_name\" content=\"VINNO Spain\" \/>\n<meta property=\"article:modified_time\" content=\"2023-04-18T12:55:00+00:00\" \/>\n<meta name=\"twitter:card\" content=\"summary_large_image\" \/>\n<meta name=\"twitter:label1\" content=\"Tempo estimado de leitura\" \/>\n\t<meta name=\"twitter:data1\" content=\"3 minutos\" \/>\n<script type=\"application\/ld+json\" class=\"yoast-schema-graph\">{\"@context\":\"https:\\\/\\\/schema.org\",\"@graph\":[{\"@type\":\"WebPage\",\"@id\":\"https:\\\/\\\/vinno.es\\\/pt-pt\\\/politica-de-cookies\\\/\",\"url\":\"https:\\\/\\\/vinno.es\\\/pt-pt\\\/politica-de-cookies\\\/\",\"name\":\"Pol\u00edtica de cookies - VINNO Spain\",\"isPartOf\":{\"@id\":\"https:\\\/\\\/vinno.es\\\/#website\"},\"datePublished\":\"2022-09-06T05:59:06+00:00\",\"dateModified\":\"2023-04-18T12:55:00+00:00\",\"breadcrumb\":{\"@id\":\"https:\\\/\\\/vinno.es\\\/pt-pt\\\/politica-de-cookies\\\/#breadcrumb\"},\"inLanguage\":\"pt-PT\",\"potentialAction\":[{\"@type\":\"ReadAction\",\"target\":[\"https:\\\/\\\/vinno.es\\\/pt-pt\\\/politica-de-cookies\\\/\"]}]},{\"@type\":\"BreadcrumbList\",\"@id\":\"https:\\\/\\\/vinno.es\\\/pt-pt\\\/politica-de-cookies\\\/#breadcrumb\",\"itemListElement\":[{\"@type\":\"ListItem\",\"position\":1,\"name\":\"Portada\",\"item\":\"https:\\\/\\\/vinno.es\\\/pt-pt\\\/\"},{\"@type\":\"ListItem\",\"position\":2,\"name\":\"Pol\u00edtica de cookies\"}]},{\"@type\":\"WebSite\",\"@id\":\"https:\\\/\\\/vinno.es\\\/#website\",\"url\":\"https:\\\/\\\/vinno.es\\\/\",\"name\":\"VINNO Spain\",\"description\":\"Ec\u00f3grafos de \u00faltima generaci\u00f3n\",\"publisher\":{\"@id\":\"https:\\\/\\\/vinno.es\\\/#organization\"},\"potentialAction\":[{\"@type\":\"SearchAction\",\"target\":{\"@type\":\"EntryPoint\",\"urlTemplate\":\"https:\\\/\\\/vinno.es\\\/?s={search_term_string}\"},\"query-input\":{\"@type\":\"PropertyValueSpecification\",\"valueRequired\":true,\"valueName\":\"search_term_string\"}}],\"inLanguage\":\"pt-PT\"},{\"@type\":\"Organization\",\"@id\":\"https:\\\/\\\/vinno.es\\\/#organization\",\"name\":\"VINNO Spain\",\"url\":\"https:\\\/\\\/vinno.es\\\/\",\"logo\":{\"@type\":\"ImageObject\",\"inLanguage\":\"pt-PT\",\"@id\":\"https:\\\/\\\/vinno.es\\\/#\\\/schema\\\/logo\\\/image\\\/\",\"url\":\"https:\\\/\\\/vinno.es\\\/wp-content\\\/uploads\\\/logo-vinno.png\",\"contentUrl\":\"https:\\\/\\\/vinno.es\\\/wp-content\\\/uploads\\\/logo-vinno.png\",\"width\":300,\"height\":102,\"caption\":\"VINNO Spain\"},\"image\":{\"@id\":\"https:\\\/\\\/vinno.es\\\/#\\\/schema\\\/logo\\\/image\\\/\"}}]}<\/script>\n<!-- \/ Yoast SEO plugin. -->","yoast_head_json":{"title":"Pol\u00edtica de cookies - VINNO Spain","robots":{"index":"noindex","follow":"follow"},"og_locale":"pt_PT","og_type":"article","og_title":"Pol\u00edtica de cookies - VINNO Spain","og_description":"VINNO Ultrasound S.L.U. (doravante, &#8220;VINNO SPAIN&#8221;), \u00e9 uma sociedade comercial, com N.I.F. B63893200, com sede em Calle Llobregat 8, Nave 4, 08750 Molins de Rei, Barcelona (Espanha). A VINNO SPAIN \u00e9 a propriet\u00e1ria do site correspondente ao nome de dom\u00ednio vinno.es (doravante, o &#8220;Site&#8221;). VINNO SPAIN usa cookies para coletar informa\u00e7\u00f5es sobre a navega\u00e7\u00e3o no [&hellip;]","og_url":"https:\/\/vinno.es\/pt-pt\/politica-de-cookies\/","og_site_name":"VINNO Spain","article_modified_time":"2023-04-18T12:55:00+00:00","twitter_card":"summary_large_image","twitter_misc":{"Tempo estimado de leitura":"3 minutos"},"schema":{"@context":"https:\/\/schema.org","@graph":[{"@type":"WebPage","@id":"https:\/\/vinno.es\/pt-pt\/politica-de-cookies\/","url":"https:\/\/vinno.es\/pt-pt\/politica-de-cookies\/","name":"Pol\u00edtica de cookies - VINNO Spain","isPartOf":{"@id":"https:\/\/vinno.es\/#website"},"datePublished":"2022-09-06T05:59:06+00:00","dateModified":"2023-04-18T12:55:00+00:00","breadcrumb":{"@id":"https:\/\/vinno.es\/pt-pt\/politica-de-cookies\/#breadcrumb"},"inLanguage":"pt-PT","potentialAction":[{"@type":"ReadAction","target":["https:\/\/vinno.es\/pt-pt\/politica-de-cookies\/"]}]},{"@type":"BreadcrumbList","@id":"https:\/\/vinno.es\/pt-pt\/politica-de-cookies\/#breadcrumb","itemListElement":[{"@type":"ListItem","position":1,"name":"Portada","item":"https:\/\/vinno.es\/pt-pt\/"},{"@type":"ListItem","position":2,"name":"Pol\u00edtica de cookies"}]},{"@type":"WebSite","@id":"https:\/\/vinno.es\/#website","url":"https:\/\/vinno.es\/","name":"VINNO Spain","description":"Ec\u00f3grafos de \u00faltima generaci\u00f3n","publisher":{"@id":"https:\/\/vinno.es\/#organization"},"potentialAction":[{"@type":"SearchAction","target":{"@type":"EntryPoint","urlTemplate":"https:\/\/vinno.es\/?s={search_term_string}"},"query-input":{"@type":"PropertyValueSpecification","valueRequired":true,"valueName":"search_term_string"}}],"inLanguage":"pt-PT"},{"@type":"Organization","@id":"https:\/\/vinno.es\/#organization","name":"VINNO Spain","url":"https:\/\/vinno.es\/","logo":{"@type":"ImageObject","inLanguage":"pt-PT","@id":"https:\/\/vinno.es\/#\/schema\/logo\/image\/","url":"https:\/\/vinno.es\/wp-content\/uploads\/logo-vinno.png","contentUrl":"https:\/\/vinno.es\/wp-content\/uploads\/logo-vinno.png","width":300,"height":102,"caption":"VINNO Spain"},"image":{"@id":"https:\/\/vinno.es\/#\/schema\/logo\/image\/"}}]}},"_links":{"self":[{"href":"https:\/\/vinno.es\/pt-pt\/wp-json\/wp\/v2\/pages\/8592","targetHints":{"allow":["GET"]}}],"collection":[{"href":"https:\/\/vinno.es\/pt-pt\/wp-json\/wp\/v2\/pages"}],"about":[{"href":"https:\/\/vinno.es\/pt-pt\/wp-json\/wp\/v2\/types\/page"}],"author":[{"embeddable":true,"href":"https:\/\/vinno.es\/pt-pt\/wp-json\/wp\/v2\/users\/1"}],"replies":[{"embeddable":true,"href":"https:\/\/vinno.es\/pt-pt\/wp-json\/wp\/v2\/comments?post=8592"}],"version-history":[{"count":2,"href":"https:\/\/vinno.es\/pt-pt\/wp-json\/wp\/v2\/pages\/8592\/revisions"}],"predecessor-version":[{"id":8594,"href":"https:\/\/vinno.es\/pt-pt\/wp-json\/wp\/v2\/pages\/8592\/revisions\/8594"}],"wp:attachment":[{"href":"https:\/\/vinno.es\/pt-pt\/wp-json\/wp\/v2\/media?parent=8592"}],"curies":[{"name":"wp","href":"https:\/\/api.w.org\/{rel}","templated":true}]}}