{"id":8587,"date":"2022-09-06T07:58:09","date_gmt":"2022-09-06T05:58:09","guid":{"rendered":"https:\/\/vinno.es\/aviso-legal\/"},"modified":"2023-04-18T14:49:04","modified_gmt":"2023-04-18T12:49:04","slug":"aviso-legal","status":"publish","type":"page","link":"https:\/\/vinno.es\/pt-pt\/aviso-legal\/","title":{"rendered":"Aviso legal e termos de uso"},"content":{"rendered":"<p>VINNO ULTRASOUND S.L.U informa os usu\u00e1rios do site sobre sua pol\u00edtica de prote\u00e7\u00e3o de dados pessoais. A utiliza\u00e7\u00e3o do espa\u00e7o web da VINNO ULTRASOUND S.L.U e de qualquer um dos servi\u00e7os incorporados pressup\u00f5e a plena aceita\u00e7\u00e3o das condi\u00e7\u00f5es que se manifestam na pol\u00edtica de privacidade que se exp\u00f5e.<\/p>\n<p><strong>Coleta de dados<\/strong><\/p>\n<p>Em cumprimento da Lei 15\/1999, de 13 de dezembro, sobre prote\u00e7\u00e3o de dados pessoais, informa-se que os dados pessoais solicitados em nossos formul\u00e1rios ser\u00e3o inclu\u00eddos em um arquivo de dados pessoais, cujo respons\u00e1vel e propriet\u00e1rio \u00e9 a VINNO ULTRASOUND S.L.U. Da mesma forma, quando uma pessoa preenche algum dos formul\u00e1rios com os dados pessoais solicitados e aceita o envio, autoriza expressamente a VINNO ULTRASOUND S.L.U a processar ou incorporar no arquivo automatizado de sua propriedade os dados pessoais fornecidos no referido formul\u00e1rio e todos os dados gerados em rela\u00e7\u00e3o \u00e0 sua participa\u00e7\u00e3o ou uso dos diferentes eventos oferecidos neste site.<\/p>\n<p>Salvo disposi\u00e7\u00e3o expressa em contr\u00e1rio, ser\u00e1 considerado necess\u00e1rio o preenchimento de todos os campos de cada formul\u00e1rio, pelo que o utilizador dever\u00e1 preencher os formul\u00e1rios com dados verdadeiros, exatos, completos e atualizados. O usu\u00e1rio ser\u00e1 o \u00fanico respons\u00e1vel por qualquer dano ou preju\u00edzo, direto e indireto, causado \u00e0 VINNO ULTRASOUND S.L.U ou a terceiros pelo preenchimento dos formul\u00e1rios com dados falsos, inexatos, incompletos ou desatualizados ou com dados de terceiros . Atrav\u00e9s das diferentes \u00e1reas que fazem parte deste espa\u00e7o web, os usu\u00e1rios podem obter informa\u00e7\u00f5es, fazer consultas e participar dos diferentes eventos que VINNO ULTRASOUND S.L.U oferece atrav\u00e9s de seu espa\u00e7o web.<\/p>\n<p><strong>Finalidades do tratamento<\/strong><\/p>\n<p>Os dados fornecidos nunca ser\u00e3o utilizados para finalidade diversa daquela para a qual foram cedidos, sendo cancelados imediatamente ap\u00f3s deixarem de ser necess\u00e1rios para essa finalidade, salvo disposi\u00e7\u00e3o legal em contr\u00e1rio.<\/p>\n<p>Quando o interessado envia os dados pessoais e o endere\u00e7o eletr\u00f4nico para VINNO ULTRASOUND S.L.U, autoriza expressamente o uso para fins de comunica\u00e7\u00f5es peri\u00f3dicas, incluindo expressamente as feitas por e-mail que VINNO ULTRASOUND S.L.U ou as entidades pertencentes ao ramo de neg\u00f3cios de VINNO ULTRASOUND S.L.U realiza um termo com os usu\u00e1rios, e poss\u00edveis interessados, para inform\u00e1-los sobre as novidades, eventos, etc\u2026<\/p>\n<p>Al\u00e9m do que foi dito acima, a coleta e o processamento automatizado dos dados pessoais fornecidos tamb\u00e9m s\u00e3o para fins de gerenciamento administrativo e a execu\u00e7\u00e3o e desenvolvimento de todas as atividades profissionais da VINNO ULTRASOUND S.L.U e gerenciamento de usu\u00e1rios nos diferentes servi\u00e7os colocados \u00e0 sua disposi\u00e7\u00e3o (apenas para fins informativos: solicita\u00e7\u00e3o de informa\u00e7\u00f5es sobre eventos).<\/p>\n<p><strong>Seguran\u00e7a<\/strong><\/p>\n<p>Todas as informa\u00e7\u00f5es relacionadas com os dados pessoais recebidos pela VINNO ULTRASOUND S.L.U s\u00e3o tratadas com a m\u00e1xima confidencialidade, sendo apenas as comunica\u00e7\u00f5es estritamente necess\u00e1rias para a presta\u00e7\u00e3o do servi\u00e7o de interesse em cada caso e as comunica\u00e7\u00f5es e cess\u00f5es autorizadas pelo utilizador atrav\u00e9s desta pol\u00edtica de privacidade.<\/p>\n<p>A VINNO ULTRASOUND S.L.U adotou os n\u00edveis de seguran\u00e7a de prote\u00e7\u00e3o de dados pessoais legalmente exigidos e instalou os meios e medidas t\u00e9cnicas \u00e0 sua disposi\u00e7\u00e3o para evitar a perda, uso indevido, altera\u00e7\u00e3o dos dados pessoais fornecidos e acesso n\u00e3o autorizado a esses dados.<\/p>\n<p>O usu\u00e1rio tem o direito de acessar as informa\u00e7\u00f5es que lhe digam respeito coletadas nos arquivos da VINNO ULTRASOUND S.L.U, retific\u00e1-las se estiverem erradas, cancel\u00e1-las ou opor-se ao seu tratamento, por e-mail para o endere\u00e7o info@vinno.es.<\/p>\n<p><strong>transfer\u00eancia de dados<\/strong><\/p>\n<p>O usu\u00e1rio aceita que seus dados sejam cedidos, exclusivamente para os fins descritos acima, \u00e0s entidades com as quais VINNO ULTRASOUND S.L.U. participa. A aceita\u00e7\u00e3o por parte do utilizador de que os seus dados sejam tratados ou transferidos na forma estabelecida neste n\u00famero \u00e9 sempre revog\u00e1vel, sem efeitos retroactivos, de acordo com o disposto nos artigos 6.\u00ba e 11.\u00ba da Lei Org\u00e2nica 15\/1999, de 13 de Dezembro.<\/p>\n<p><strong>Modifica\u00e7\u00e3o desta pol\u00edtica de privacidade<\/strong><\/p>\n<p>A VINNO ULTRASOUND S.L.U reserva-se o direito de modificar sua pol\u00edtica de prote\u00e7\u00e3o de dados de acordo com seus crit\u00e9rios, ou devido a uma mudan\u00e7a legislativa, jurisprudencial ou pr\u00e1tica comercial. Se VINNO ULTRASOUND S.L.U introduzir alguma altera\u00e7\u00e3o, o novo texto ser\u00e1 publicado nesta mesma p\u00e1gina, onde o usu\u00e1rio poder\u00e1 tomar conhecimento da pol\u00edtica de prote\u00e7\u00e3o de dados. Seja como for, a rela\u00e7\u00e3o com os utilizadores reger-se-\u00e1 pelas regras estabelecidas no momento preciso em que se aceda ao espa\u00e7o web.<\/p>\n","protected":false},"excerpt":{"rendered":"<p>VINNO ULTRASOUND S.L.U informa os usu\u00e1rios do site sobre sua pol\u00edtica de prote\u00e7\u00e3o de dados pessoais. A utiliza\u00e7\u00e3o do espa\u00e7o web da VINNO ULTRASOUND S.L.U e de qualquer um dos servi\u00e7os incorporados pressup\u00f5e a plena aceita\u00e7\u00e3o das condi\u00e7\u00f5es que se manifestam na pol\u00edtica de privacidade que se exp\u00f5e. Coleta de dados Em cumprimento da Lei [&hellip;]<\/p>\n","protected":false},"author":1,"featured_media":0,"parent":0,"menu_order":0,"comment_status":"closed","ping_status":"closed","template":"","meta":{"inline_featured_image":false,"_joinchat":[],"footnotes":""},"class_list":["post-8587","page","type-page","status-publish","hentry"],"acf":[],"yoast_head":"<!-- This site is optimized with the Yoast SEO plugin v27.4 - https:\/\/yoast.com\/product\/yoast-seo-wordpress\/ -->\n<title>Aviso legal e termos de uso - VINNO Spain<\/title>\n<meta name=\"robots\" content=\"noindex, follow\" \/>\n<meta property=\"og:locale\" content=\"pt_PT\" \/>\n<meta property=\"og:type\" content=\"article\" \/>\n<meta property=\"og:title\" content=\"Aviso legal e termos de uso - VINNO Spain\" \/>\n<meta property=\"og:description\" content=\"VINNO ULTRASOUND S.L.U informa os usu\u00e1rios do site sobre sua pol\u00edtica de prote\u00e7\u00e3o de dados pessoais. A utiliza\u00e7\u00e3o do espa\u00e7o web da VINNO ULTRASOUND S.L.U e de qualquer um dos servi\u00e7os incorporados pressup\u00f5e a plena aceita\u00e7\u00e3o das condi\u00e7\u00f5es que se manifestam na pol\u00edtica de privacidade que se exp\u00f5e. Coleta de dados Em cumprimento da Lei [&hellip;]\" \/>\n<meta property=\"og:url\" content=\"https:\/\/vinno.es\/pt-pt\/aviso-legal\/\" \/>\n<meta property=\"og:site_name\" content=\"VINNO Spain\" \/>\n<meta property=\"article:modified_time\" content=\"2023-04-18T12:49:04+00:00\" \/>\n<meta name=\"twitter:card\" content=\"summary_large_image\" \/>\n<meta name=\"twitter:label1\" content=\"Tempo estimado de leitura\" \/>\n\t<meta name=\"twitter:data1\" content=\"4 minutos\" \/>\n<script type=\"application\/ld+json\" class=\"yoast-schema-graph\">{\"@context\":\"https:\\\/\\\/schema.org\",\"@graph\":[{\"@type\":\"WebPage\",\"@id\":\"https:\\\/\\\/vinno.es\\\/pt-pt\\\/aviso-legal\\\/\",\"url\":\"https:\\\/\\\/vinno.es\\\/pt-pt\\\/aviso-legal\\\/\",\"name\":\"Aviso legal e termos de uso - VINNO Spain\",\"isPartOf\":{\"@id\":\"https:\\\/\\\/vinno.es\\\/#website\"},\"datePublished\":\"2022-09-06T05:58:09+00:00\",\"dateModified\":\"2023-04-18T12:49:04+00:00\",\"breadcrumb\":{\"@id\":\"https:\\\/\\\/vinno.es\\\/pt-pt\\\/aviso-legal\\\/#breadcrumb\"},\"inLanguage\":\"pt-PT\",\"potentialAction\":[{\"@type\":\"ReadAction\",\"target\":[\"https:\\\/\\\/vinno.es\\\/pt-pt\\\/aviso-legal\\\/\"]}]},{\"@type\":\"BreadcrumbList\",\"@id\":\"https:\\\/\\\/vinno.es\\\/pt-pt\\\/aviso-legal\\\/#breadcrumb\",\"itemListElement\":[{\"@type\":\"ListItem\",\"position\":1,\"name\":\"Portada\",\"item\":\"https:\\\/\\\/vinno.es\\\/pt-pt\\\/\"},{\"@type\":\"ListItem\",\"position\":2,\"name\":\"Aviso legal e termos de uso\"}]},{\"@type\":\"WebSite\",\"@id\":\"https:\\\/\\\/vinno.es\\\/#website\",\"url\":\"https:\\\/\\\/vinno.es\\\/\",\"name\":\"VINNO Spain\",\"description\":\"Ec\u00f3grafos de \u00faltima generaci\u00f3n\",\"publisher\":{\"@id\":\"https:\\\/\\\/vinno.es\\\/#organization\"},\"potentialAction\":[{\"@type\":\"SearchAction\",\"target\":{\"@type\":\"EntryPoint\",\"urlTemplate\":\"https:\\\/\\\/vinno.es\\\/?s={search_term_string}\"},\"query-input\":{\"@type\":\"PropertyValueSpecification\",\"valueRequired\":true,\"valueName\":\"search_term_string\"}}],\"inLanguage\":\"pt-PT\"},{\"@type\":\"Organization\",\"@id\":\"https:\\\/\\\/vinno.es\\\/#organization\",\"name\":\"VINNO Spain\",\"url\":\"https:\\\/\\\/vinno.es\\\/\",\"logo\":{\"@type\":\"ImageObject\",\"inLanguage\":\"pt-PT\",\"@id\":\"https:\\\/\\\/vinno.es\\\/#\\\/schema\\\/logo\\\/image\\\/\",\"url\":\"https:\\\/\\\/vinno.es\\\/wp-content\\\/uploads\\\/logo-vinno.png\",\"contentUrl\":\"https:\\\/\\\/vinno.es\\\/wp-content\\\/uploads\\\/logo-vinno.png\",\"width\":300,\"height\":102,\"caption\":\"VINNO Spain\"},\"image\":{\"@id\":\"https:\\\/\\\/vinno.es\\\/#\\\/schema\\\/logo\\\/image\\\/\"}}]}<\/script>\n<!-- \/ Yoast SEO plugin. -->","yoast_head_json":{"title":"Aviso legal e termos de uso - VINNO Spain","robots":{"index":"noindex","follow":"follow"},"og_locale":"pt_PT","og_type":"article","og_title":"Aviso legal e termos de uso - VINNO Spain","og_description":"VINNO ULTRASOUND S.L.U informa os usu\u00e1rios do site sobre sua pol\u00edtica de prote\u00e7\u00e3o de dados pessoais. A utiliza\u00e7\u00e3o do espa\u00e7o web da VINNO ULTRASOUND S.L.U e de qualquer um dos servi\u00e7os incorporados pressup\u00f5e a plena aceita\u00e7\u00e3o das condi\u00e7\u00f5es que se manifestam na pol\u00edtica de privacidade que se exp\u00f5e. Coleta de dados Em cumprimento da Lei [&hellip;]","og_url":"https:\/\/vinno.es\/pt-pt\/aviso-legal\/","og_site_name":"VINNO Spain","article_modified_time":"2023-04-18T12:49:04+00:00","twitter_card":"summary_large_image","twitter_misc":{"Tempo estimado de leitura":"4 minutos"},"schema":{"@context":"https:\/\/schema.org","@graph":[{"@type":"WebPage","@id":"https:\/\/vinno.es\/pt-pt\/aviso-legal\/","url":"https:\/\/vinno.es\/pt-pt\/aviso-legal\/","name":"Aviso legal e termos de uso - VINNO Spain","isPartOf":{"@id":"https:\/\/vinno.es\/#website"},"datePublished":"2022-09-06T05:58:09+00:00","dateModified":"2023-04-18T12:49:04+00:00","breadcrumb":{"@id":"https:\/\/vinno.es\/pt-pt\/aviso-legal\/#breadcrumb"},"inLanguage":"pt-PT","potentialAction":[{"@type":"ReadAction","target":["https:\/\/vinno.es\/pt-pt\/aviso-legal\/"]}]},{"@type":"BreadcrumbList","@id":"https:\/\/vinno.es\/pt-pt\/aviso-legal\/#breadcrumb","itemListElement":[{"@type":"ListItem","position":1,"name":"Portada","item":"https:\/\/vinno.es\/pt-pt\/"},{"@type":"ListItem","position":2,"name":"Aviso legal e termos de uso"}]},{"@type":"WebSite","@id":"https:\/\/vinno.es\/#website","url":"https:\/\/vinno.es\/","name":"VINNO Spain","description":"Ec\u00f3grafos de \u00faltima generaci\u00f3n","publisher":{"@id":"https:\/\/vinno.es\/#organization"},"potentialAction":[{"@type":"SearchAction","target":{"@type":"EntryPoint","urlTemplate":"https:\/\/vinno.es\/?s={search_term_string}"},"query-input":{"@type":"PropertyValueSpecification","valueRequired":true,"valueName":"search_term_string"}}],"inLanguage":"pt-PT"},{"@type":"Organization","@id":"https:\/\/vinno.es\/#organization","name":"VINNO Spain","url":"https:\/\/vinno.es\/","logo":{"@type":"ImageObject","inLanguage":"pt-PT","@id":"https:\/\/vinno.es\/#\/schema\/logo\/image\/","url":"https:\/\/vinno.es\/wp-content\/uploads\/logo-vinno.png","contentUrl":"https:\/\/vinno.es\/wp-content\/uploads\/logo-vinno.png","width":300,"height":102,"caption":"VINNO Spain"},"image":{"@id":"https:\/\/vinno.es\/#\/schema\/logo\/image\/"}}]}},"_links":{"self":[{"href":"https:\/\/vinno.es\/pt-pt\/wp-json\/wp\/v2\/pages\/8587","targetHints":{"allow":["GET"]}}],"collection":[{"href":"https:\/\/vinno.es\/pt-pt\/wp-json\/wp\/v2\/pages"}],"about":[{"href":"https:\/\/vinno.es\/pt-pt\/wp-json\/wp\/v2\/types\/page"}],"author":[{"embeddable":true,"href":"https:\/\/vinno.es\/pt-pt\/wp-json\/wp\/v2\/users\/1"}],"replies":[{"embeddable":true,"href":"https:\/\/vinno.es\/pt-pt\/wp-json\/wp\/v2\/comments?post=8587"}],"version-history":[{"count":2,"href":"https:\/\/vinno.es\/pt-pt\/wp-json\/wp\/v2\/pages\/8587\/revisions"}],"predecessor-version":[{"id":8589,"href":"https:\/\/vinno.es\/pt-pt\/wp-json\/wp\/v2\/pages\/8587\/revisions\/8589"}],"wp:attachment":[{"href":"https:\/\/vinno.es\/pt-pt\/wp-json\/wp\/v2\/media?parent=8587"}],"curies":[{"name":"wp","href":"https:\/\/api.w.org\/{rel}","templated":true}]}}