{"id":8513,"date":"2022-08-31T09:18:17","date_gmt":"2022-08-31T07:18:17","guid":{"rendered":"https:\/\/vinno.es\/ecografos-para-fisioterapia\/"},"modified":"2023-04-11T11:50:53","modified_gmt":"2023-04-11T09:50:53","slug":"ecografos-para-fisioterapia","status":"publish","type":"page","link":"https:\/\/vinno.es\/pt-pt\/ecografos-para-fisioterapia\/","title":{"rendered":"Ec\u00f3grafos para fisioterapia"},"content":{"rendered":"","protected":false},"excerpt":{"rendered":"","protected":false},"author":1,"featured_media":0,"parent":0,"menu_order":0,"comment_status":"closed","ping_status":"closed","template":"especialidades-page.php","meta":{"inline_featured_image":false,"_joinchat":[],"footnotes":""},"class_list":["post-8513","page","type-page","status-publish","hentry"],"acf":[],"yoast_head":"<!-- This site is optimized with the Yoast SEO plugin v27.3 - https:\/\/yoast.com\/product\/yoast-seo-wordpress\/ -->\n<title>Ec\u00f3grafos para fisioterapia - VINNO Spain<\/title>\n<meta name=\"robots\" content=\"index, follow, max-snippet:-1, max-image-preview:large, max-video-preview:-1\" \/>\n<link rel=\"canonical\" href=\"https:\/\/vinno.es\/pt-pt\/ecografos-para-fisioterapia\/\" \/>\n<meta property=\"og:locale\" content=\"pt_PT\" \/>\n<meta property=\"og:type\" content=\"article\" \/>\n<meta property=\"og:title\" content=\"Ec\u00f3grafos para fisioterapia - VINNO Spain\" \/>\n<meta property=\"og:url\" content=\"https:\/\/vinno.es\/pt-pt\/ecografos-para-fisioterapia\/\" \/>\n<meta property=\"og:site_name\" content=\"VINNO Spain\" \/>\n<meta property=\"article:modified_time\" content=\"2023-04-11T09:50:53+00:00\" \/>\n<meta name=\"twitter:card\" content=\"summary_large_image\" \/>\n<script type=\"application\/ld+json\" class=\"yoast-schema-graph\">{\"@context\":\"https:\\\/\\\/schema.org\",\"@graph\":[{\"@type\":\"WebPage\",\"@id\":\"https:\\\/\\\/vinno.es\\\/pt-pt\\\/ecografos-para-fisioterapia\\\/\",\"url\":\"https:\\\/\\\/vinno.es\\\/pt-pt\\\/ecografos-para-fisioterapia\\\/\",\"name\":\"Ec\u00f3grafos para fisioterapia - VINNO Spain\",\"isPartOf\":{\"@id\":\"https:\\\/\\\/vinno.es\\\/#website\"},\"datePublished\":\"2022-08-31T07:18:17+00:00\",\"dateModified\":\"2023-04-11T09:50:53+00:00\",\"breadcrumb\":{\"@id\":\"https:\\\/\\\/vinno.es\\\/pt-pt\\\/ecografos-para-fisioterapia\\\/#breadcrumb\"},\"inLanguage\":\"pt-PT\",\"potentialAction\":[{\"@type\":\"ReadAction\",\"target\":[\"https:\\\/\\\/vinno.es\\\/pt-pt\\\/ecografos-para-fisioterapia\\\/\"]}]},{\"@type\":\"BreadcrumbList\",\"@id\":\"https:\\\/\\\/vinno.es\\\/pt-pt\\\/ecografos-para-fisioterapia\\\/#breadcrumb\",\"itemListElement\":[{\"@type\":\"ListItem\",\"position\":1,\"name\":\"Portada\",\"item\":\"https:\\\/\\\/vinno.es\\\/pt-pt\\\/\"},{\"@type\":\"ListItem\",\"position\":2,\"name\":\"Ec\u00f3grafos para fisioterapia\"}]},{\"@type\":\"WebSite\",\"@id\":\"https:\\\/\\\/vinno.es\\\/#website\",\"url\":\"https:\\\/\\\/vinno.es\\\/\",\"name\":\"VINNO Spain\",\"description\":\"Ec\u00f3grafos de \u00faltima generaci\u00f3n\",\"publisher\":{\"@id\":\"https:\\\/\\\/vinno.es\\\/#organization\"},\"potentialAction\":[{\"@type\":\"SearchAction\",\"target\":{\"@type\":\"EntryPoint\",\"urlTemplate\":\"https:\\\/\\\/vinno.es\\\/?s={search_term_string}\"},\"query-input\":{\"@type\":\"PropertyValueSpecification\",\"valueRequired\":true,\"valueName\":\"search_term_string\"}}],\"inLanguage\":\"pt-PT\"},{\"@type\":\"Organization\",\"@id\":\"https:\\\/\\\/vinno.es\\\/#organization\",\"name\":\"VINNO Spain\",\"url\":\"https:\\\/\\\/vinno.es\\\/\",\"logo\":{\"@type\":\"ImageObject\",\"inLanguage\":\"pt-PT\",\"@id\":\"https:\\\/\\\/vinno.es\\\/#\\\/schema\\\/logo\\\/image\\\/\",\"url\":\"https:\\\/\\\/vinno.es\\\/wp-content\\\/uploads\\\/logo-vinno.png\",\"contentUrl\":\"https:\\\/\\\/vinno.es\\\/wp-content\\\/uploads\\\/logo-vinno.png\",\"width\":300,\"height\":102,\"caption\":\"VINNO Spain\"},\"image\":{\"@id\":\"https:\\\/\\\/vinno.es\\\/#\\\/schema\\\/logo\\\/image\\\/\"}}]}<\/script>\n<!-- \/ Yoast SEO plugin. -->","yoast_head_json":{"title":"Ec\u00f3grafos para fisioterapia - VINNO Spain","robots":{"index":"index","follow":"follow","max-snippet":"max-snippet:-1","max-image-preview":"max-image-preview:large","max-video-preview":"max-video-preview:-1"},"canonical":"https:\/\/vinno.es\/pt-pt\/ecografos-para-fisioterapia\/","og_locale":"pt_PT","og_type":"article","og_title":"Ec\u00f3grafos para fisioterapia - VINNO Spain","og_url":"https:\/\/vinno.es\/pt-pt\/ecografos-para-fisioterapia\/","og_site_name":"VINNO Spain","article_modified_time":"2023-04-11T09:50:53+00:00","twitter_card":"summary_large_image","schema":{"@context":"https:\/\/schema.org","@graph":[{"@type":"WebPage","@id":"https:\/\/vinno.es\/pt-pt\/ecografos-para-fisioterapia\/","url":"https:\/\/vinno.es\/pt-pt\/ecografos-para-fisioterapia\/","name":"Ec\u00f3grafos para fisioterapia - VINNO Spain","isPartOf":{"@id":"https:\/\/vinno.es\/#website"},"datePublished":"2022-08-31T07:18:17+00:00","dateModified":"2023-04-11T09:50:53+00:00","breadcrumb":{"@id":"https:\/\/vinno.es\/pt-pt\/ecografos-para-fisioterapia\/#breadcrumb"},"inLanguage":"pt-PT","potentialAction":[{"@type":"ReadAction","target":["https:\/\/vinno.es\/pt-pt\/ecografos-para-fisioterapia\/"]}]},{"@type":"BreadcrumbList","@id":"https:\/\/vinno.es\/pt-pt\/ecografos-para-fisioterapia\/#breadcrumb","itemListElement":[{"@type":"ListItem","position":1,"name":"Portada","item":"https:\/\/vinno.es\/pt-pt\/"},{"@type":"ListItem","position":2,"name":"Ec\u00f3grafos para fisioterapia"}]},{"@type":"WebSite","@id":"https:\/\/vinno.es\/#website","url":"https:\/\/vinno.es\/","name":"VINNO Spain","description":"Ec\u00f3grafos de \u00faltima generaci\u00f3n","publisher":{"@id":"https:\/\/vinno.es\/#organization"},"potentialAction":[{"@type":"SearchAction","target":{"@type":"EntryPoint","urlTemplate":"https:\/\/vinno.es\/?s={search_term_string}"},"query-input":{"@type":"PropertyValueSpecification","valueRequired":true,"valueName":"search_term_string"}}],"inLanguage":"pt-PT"},{"@type":"Organization","@id":"https:\/\/vinno.es\/#organization","name":"VINNO Spain","url":"https:\/\/vinno.es\/","logo":{"@type":"ImageObject","inLanguage":"pt-PT","@id":"https:\/\/vinno.es\/#\/schema\/logo\/image\/","url":"https:\/\/vinno.es\/wp-content\/uploads\/logo-vinno.png","contentUrl":"https:\/\/vinno.es\/wp-content\/uploads\/logo-vinno.png","width":300,"height":102,"caption":"VINNO Spain"},"image":{"@id":"https:\/\/vinno.es\/#\/schema\/logo\/image\/"}}]}},"_links":{"self":[{"href":"https:\/\/vinno.es\/pt-pt\/wp-json\/wp\/v2\/pages\/8513","targetHints":{"allow":["GET"]}}],"collection":[{"href":"https:\/\/vinno.es\/pt-pt\/wp-json\/wp\/v2\/pages"}],"about":[{"href":"https:\/\/vinno.es\/pt-pt\/wp-json\/wp\/v2\/types\/page"}],"author":[{"embeddable":true,"href":"https:\/\/vinno.es\/pt-pt\/wp-json\/wp\/v2\/users\/1"}],"replies":[{"embeddable":true,"href":"https:\/\/vinno.es\/pt-pt\/wp-json\/wp\/v2\/comments?post=8513"}],"version-history":[{"count":1,"href":"https:\/\/vinno.es\/pt-pt\/wp-json\/wp\/v2\/pages\/8513\/revisions"}],"predecessor-version":[{"id":8514,"href":"https:\/\/vinno.es\/pt-pt\/wp-json\/wp\/v2\/pages\/8513\/revisions\/8514"}],"wp:attachment":[{"href":"https:\/\/vinno.es\/pt-pt\/wp-json\/wp\/v2\/media?parent=8513"}],"curies":[{"name":"wp","href":"https:\/\/api.w.org\/{rel}","templated":true}]}}